{"id":535,"date":"2021-07-09T09:03:58","date_gmt":"2021-07-09T09:03:58","guid":{"rendered":"http:\/\/tool-lx.gr\/dtr\/?post_type=product&#038;p=535"},"modified":"2023-07-27T13:38:20","modified_gmt":"2023-07-27T10:38:20","slug":"slanted-magazine-24-istanbul","status":"publish","type":"product","link":"https:\/\/www.designerstribe.com\/en\/product\/slanted-magazine-24-istanbul\/","title":{"rendered":"Slanted Magazine #24\u2014Istanbul"},"content":{"rendered":"<p class=\"p1\"><span class=\"s1\">Istanbul \u2013 the city on the Bosphorus \u2013 is famous for its countless minarets, magnificent palaces, colorful markets and traders, seagulls and stray cats. Istanbul is the only metropolis in the world that unites two continents. Traditional crafts collide with a young and blossoming art and design scene, which is slowly changing the face and image of the city.<\/span><\/p>\n<p class=\"p1\"><span class=\"s1\">Slanted takes a close-up look at contemporary design work and all the tumultuous developments in this cultural melting pot city balanced between the Orient and the Occident. On their one-week-trip the Slanted team met 15 design studios and produced comprehensive studio portraits which provide a vivid and up-to-the-minute picture of the scene.<\/span><\/p>\n<p class=\"p1\"><span class=\"s1\">The resulting video interviews have been enriched with video material from the Shutterstock collection. Thanks to Augmented Reality and the Junaio app, readers can easily watch embedded videos of the Istanbul turu on mobile devices.<\/span><\/p>\n<p class=\"p1\"><span class=\"s1\">The issue is thematically complemented by illustrations, photography and fine art from contemporary culture.<\/span><\/p>\n<p class=\"p1\"><span class=\"s1\">The cover is dedicated to Metin Edremit, the designer of the original \u201cIstanbul symbol\u201d whose design won first place in a competition 1969. The \u201clogo\u201d symbolizes many things, such as the seven hills upon which Istanbul was built and the city skyline. With small, formal changes, it now graces the 2-color printed letterpress-cover.<\/span><\/p>\n<p class=\"p1\"><span class=\"s1\">Istanbul turu: Asl\u0131 Altay, Yurdaer Alt\u0131nta\u015f, Yetkin Ba\u015far\u0131r, Christopher \u00c7olak, Burak Delier, Cem Dinlenmi\u015f, B\u00fclent Erkmen, \u0130nci Eviner, Sedat Girgin, Esen Karol, Tamer K\u00f6\u015feli, \u015e\u00fckran Moral, Ali Tapt\u0131k, Mehmet Ali T\u00fcrkmen, Onur F. Yaz\u0131c\u0131gil<\/span><\/p>\n<p class=\"p1\"><span class=\"s1\">24 hills: Works, Photography, Fontnames Illustrated, 10 \u00d7 10 Interviews, Essays, Index<\/span><\/p>\n<p class=\"p1\"><span class=\"s1\">The booklet \u201cContemporary Typefaces\u201d presents fourteen recently published typefaces we think are important and interesting: Alverata (Gerard Unger \/ TypeTogether), Anisette (Jean Fran\u00e7ois Porchez \/ Typofonderie), CA Recape (Thomas Schostok \/ Cape Arcona Type Foundry), Cardea (David Cabianca \/ Emigre), Euclid Flex (Swiss Typefaces design team \/ Swiss Typefaces), Karol Sans (Daniel Sabino \/ Type-\u00d8-Tones), Laski Slab (Paula Mastrangelo, Ramiro Espinoza \/ ReType), Lava (Peter Bi\u013eak \/ Typotheque), Muriza (Jakob Runge, J\u00fcrgen Schwarz \/ type me! fonts), Noe Display (Lauri Toikka \/ Schick Toikka), Quire Sans (Jim Ford \/ Monotype), Square Sans (Panos Vassiliou \/ Parachute), Version 1 International (Oliver Jeschke, Oliver Mayer \/ VolcanoType), Walmer Marker (Jarno Lukkarila \/ Typolar).<\/span><\/p>\n<p class=\"p3\"><span class=\"s1\">288 pages<\/span><\/p>\n","protected":false},"excerpt":{"rendered":"<p><span class=\"s1\">Istanbul \u2013 the city on the Bosphorus \u2013 is famous for its countless minarets, magnificent palaces, colorful markets and traders, seagulls and stray cats. Istanbul is the only metropolis in the world that unites two continents. Traditional crafts collide with a young and blossoming art and design scene, which is slowly changing the face and image of the city.<\/span><\/p>\n","protected":false},"featured_media":536,"template":"","meta":{"_acf_changed":false,"_price":"18.00","_stock":"","_tribe_ticket_header":"","_tribe_default_ticket_provider":"","_tribe_ticket_capacity":"0","_ticket_start_date":"","_ticket_end_date":"","_tribe_ticket_show_description":"","_tribe_ticket_show_not_going":false,"_tribe_ticket_use_global_stock":"","_tribe_ticket_global_stock_level":"","_global_stock_mode":"","_global_stock_cap":"","_tribe_rsvp_for_event":"","_tribe_ticket_going_count":"","_tribe_ticket_not_going_count":"","_tribe_tickets_list":"[]","_tribe_ticket_has_attendee_info_fields":false,"_tec_slr_enabled":"","_tec_slr_layout":""},"product_brand":[],"product_cat":[27],"product_tag":[74],"class_list":{"0":"post-535","1":"product","2":"type-product","3":"status-publish","4":"has-post-thumbnail","6":"product_cat-international-publications","7":"product_tag-graphic-design-2","9":"first","10":"instock","11":"shipping-taxable","12":"purchasable","13":"product-type-simple"},"acf":[],"yoast_head":"<!-- This site is optimized with the Yoast SEO plugin v27.2 - https:\/\/yoast.com\/product\/yoast-seo-wordpress\/ -->\n<title>Slanted Magazine #24\u2014Istanbul - Designers Tribe<\/title>\n<meta name=\"robots\" content=\"index, follow, max-snippet:-1, max-image-preview:large, max-video-preview:-1\" \/>\n<link rel=\"canonical\" href=\"https:\/\/www.designerstribe.com\/en\/product\/slanted-magazine-24-istanbul\/\" \/>\n<meta property=\"og:locale\" content=\"en_US\" \/>\n<meta property=\"og:type\" content=\"article\" \/>\n<meta property=\"og:title\" content=\"Slanted Magazine #24\u2014Istanbul - Designers Tribe\" \/>\n<meta property=\"og:description\" content=\"Istanbul \u2013 the city on the Bosphorus \u2013 is famous for its countless minarets, magnificent palaces, colorful markets and traders, seagulls and stray cats. Istanbul is the only metropolis in the world that unites two continents. Traditional crafts collide with a young and blossoming art and design scene, which is slowly changing the face and image of the city.\" \/>\n<meta property=\"og:url\" content=\"https:\/\/www.designerstribe.com\/en\/product\/slanted-magazine-24-istanbul\/\" \/>\n<meta property=\"og:site_name\" content=\"Designers Tribe\" \/>\n<meta property=\"article:modified_time\" content=\"2023-07-27T10:38:20+00:00\" \/>\n<meta property=\"og:image\" content=\"https:\/\/www.designerstribe.com\/wp-content\/uploads\/2021\/07\/Slanted24_Istanbul_02.jpeg\" \/>\n\t<meta property=\"og:image:width\" content=\"818\" \/>\n\t<meta property=\"og:image:height\" content=\"545\" \/>\n\t<meta property=\"og:image:type\" content=\"image\/jpeg\" \/>\n<meta name=\"twitter:card\" content=\"summary_large_image\" \/>\n<meta name=\"twitter:label1\" content=\"Est. reading time\" \/>\n\t<meta name=\"twitter:data1\" content=\"2 minutes\" \/>\n<script type=\"application\/ld+json\" class=\"yoast-schema-graph\">{\"@context\":\"https:\/\/schema.org\",\"@graph\":[{\"@type\":\"WebPage\",\"@id\":\"https:\/\/www.designerstribe.com\/en\/product\/slanted-magazine-24-istanbul\/\",\"url\":\"https:\/\/www.designerstribe.com\/en\/product\/slanted-magazine-24-istanbul\/\",\"name\":\"Slanted Magazine #24\u2014Istanbul - Designers Tribe\",\"isPartOf\":{\"@id\":\"https:\/\/www.designerstribe.com\/#website\"},\"primaryImageOfPage\":{\"@id\":\"https:\/\/www.designerstribe.com\/en\/product\/slanted-magazine-24-istanbul\/#primaryimage\"},\"image\":{\"@id\":\"https:\/\/www.designerstribe.com\/en\/product\/slanted-magazine-24-istanbul\/#primaryimage\"},\"thumbnailUrl\":\"https:\/\/www.designerstribe.com\/wp-content\/uploads\/2021\/07\/Slanted24_Istanbul_02.jpeg\",\"datePublished\":\"2021-07-09T09:03:58+00:00\",\"dateModified\":\"2023-07-27T10:38:20+00:00\",\"breadcrumb\":{\"@id\":\"https:\/\/www.designerstribe.com\/en\/product\/slanted-magazine-24-istanbul\/#breadcrumb\"},\"inLanguage\":\"en-US\",\"potentialAction\":[{\"@type\":\"ReadAction\",\"target\":[\"https:\/\/www.designerstribe.com\/en\/product\/slanted-magazine-24-istanbul\/\"]}]},{\"@type\":\"ImageObject\",\"inLanguage\":\"en-US\",\"@id\":\"https:\/\/www.designerstribe.com\/en\/product\/slanted-magazine-24-istanbul\/#primaryimage\",\"url\":\"https:\/\/www.designerstribe.com\/wp-content\/uploads\/2021\/07\/Slanted24_Istanbul_02.jpeg\",\"contentUrl\":\"https:\/\/www.designerstribe.com\/wp-content\/uploads\/2021\/07\/Slanted24_Istanbul_02.jpeg\",\"width\":818,\"height\":545},{\"@type\":\"BreadcrumbList\",\"@id\":\"https:\/\/www.designerstribe.com\/en\/product\/slanted-magazine-24-istanbul\/#breadcrumb\",\"itemListElement\":[{\"@type\":\"ListItem\",\"position\":1,\"name\":\"Home\",\"item\":\"https:\/\/www.designerstribe.com\/en\/\"},{\"@type\":\"ListItem\",\"position\":2,\"name\":\"Shop\",\"item\":\"https:\/\/www.designerstribe.com\/en\/shop\/\"},{\"@type\":\"ListItem\",\"position\":3,\"name\":\"Slanted Magazine #24\u2014Istanbul\"}]},{\"@type\":\"WebSite\",\"@id\":\"https:\/\/www.designerstribe.com\/#website\",\"url\":\"https:\/\/www.designerstribe.com\/\",\"name\":\"Designers Tribe\",\"description\":\"Just another WordPress site\",\"potentialAction\":[{\"@type\":\"SearchAction\",\"target\":{\"@type\":\"EntryPoint\",\"urlTemplate\":\"https:\/\/www.designerstribe.com\/?s={search_term_string}\"},\"query-input\":{\"@type\":\"PropertyValueSpecification\",\"valueRequired\":true,\"valueName\":\"search_term_string\"}}],\"inLanguage\":\"en-US\"}]}<\/script>\n<!-- \/ Yoast SEO plugin. -->","yoast_head_json":{"title":"Slanted Magazine #24\u2014Istanbul - Designers Tribe","robots":{"index":"index","follow":"follow","max-snippet":"max-snippet:-1","max-image-preview":"max-image-preview:large","max-video-preview":"max-video-preview:-1"},"canonical":"https:\/\/www.designerstribe.com\/en\/product\/slanted-magazine-24-istanbul\/","og_locale":"en_US","og_type":"article","og_title":"Slanted Magazine #24\u2014Istanbul - Designers Tribe","og_description":"Istanbul \u2013 the city on the Bosphorus \u2013 is famous for its countless minarets, magnificent palaces, colorful markets and traders, seagulls and stray cats. Istanbul is the only metropolis in the world that unites two continents. Traditional crafts collide with a young and blossoming art and design scene, which is slowly changing the face and image of the city.","og_url":"https:\/\/www.designerstribe.com\/en\/product\/slanted-magazine-24-istanbul\/","og_site_name":"Designers Tribe","article_modified_time":"2023-07-27T10:38:20+00:00","og_image":[{"width":818,"height":545,"url":"https:\/\/www.designerstribe.com\/wp-content\/uploads\/2021\/07\/Slanted24_Istanbul_02.jpeg","type":"image\/jpeg"}],"twitter_card":"summary_large_image","twitter_misc":{"Est. reading time":"2 minutes"},"schema":{"@context":"https:\/\/schema.org","@graph":[{"@type":"WebPage","@id":"https:\/\/www.designerstribe.com\/en\/product\/slanted-magazine-24-istanbul\/","url":"https:\/\/www.designerstribe.com\/en\/product\/slanted-magazine-24-istanbul\/","name":"Slanted Magazine #24\u2014Istanbul - Designers Tribe","isPartOf":{"@id":"https:\/\/www.designerstribe.com\/#website"},"primaryImageOfPage":{"@id":"https:\/\/www.designerstribe.com\/en\/product\/slanted-magazine-24-istanbul\/#primaryimage"},"image":{"@id":"https:\/\/www.designerstribe.com\/en\/product\/slanted-magazine-24-istanbul\/#primaryimage"},"thumbnailUrl":"https:\/\/www.designerstribe.com\/wp-content\/uploads\/2021\/07\/Slanted24_Istanbul_02.jpeg","datePublished":"2021-07-09T09:03:58+00:00","dateModified":"2023-07-27T10:38:20+00:00","breadcrumb":{"@id":"https:\/\/www.designerstribe.com\/en\/product\/slanted-magazine-24-istanbul\/#breadcrumb"},"inLanguage":"en-US","potentialAction":[{"@type":"ReadAction","target":["https:\/\/www.designerstribe.com\/en\/product\/slanted-magazine-24-istanbul\/"]}]},{"@type":"ImageObject","inLanguage":"en-US","@id":"https:\/\/www.designerstribe.com\/en\/product\/slanted-magazine-24-istanbul\/#primaryimage","url":"https:\/\/www.designerstribe.com\/wp-content\/uploads\/2021\/07\/Slanted24_Istanbul_02.jpeg","contentUrl":"https:\/\/www.designerstribe.com\/wp-content\/uploads\/2021\/07\/Slanted24_Istanbul_02.jpeg","width":818,"height":545},{"@type":"BreadcrumbList","@id":"https:\/\/www.designerstribe.com\/en\/product\/slanted-magazine-24-istanbul\/#breadcrumb","itemListElement":[{"@type":"ListItem","position":1,"name":"Home","item":"https:\/\/www.designerstribe.com\/en\/"},{"@type":"ListItem","position":2,"name":"Shop","item":"https:\/\/www.designerstribe.com\/en\/shop\/"},{"@type":"ListItem","position":3,"name":"Slanted Magazine #24\u2014Istanbul"}]},{"@type":"WebSite","@id":"https:\/\/www.designerstribe.com\/#website","url":"https:\/\/www.designerstribe.com\/","name":"Designers Tribe","description":"Just another WordPress site","potentialAction":[{"@type":"SearchAction","target":{"@type":"EntryPoint","urlTemplate":"https:\/\/www.designerstribe.com\/?s={search_term_string}"},"query-input":{"@type":"PropertyValueSpecification","valueRequired":true,"valueName":"search_term_string"}}],"inLanguage":"en-US"}]}},"_links":{"self":[{"href":"https:\/\/www.designerstribe.com\/en\/wp-json\/wp\/v2\/product\/535","targetHints":{"allow":["GET"]}}],"collection":[{"href":"https:\/\/www.designerstribe.com\/en\/wp-json\/wp\/v2\/product"}],"about":[{"href":"https:\/\/www.designerstribe.com\/en\/wp-json\/wp\/v2\/types\/product"}],"wp:featuredmedia":[{"embeddable":true,"href":"https:\/\/www.designerstribe.com\/en\/wp-json\/wp\/v2\/media\/536"}],"wp:attachment":[{"href":"https:\/\/www.designerstribe.com\/en\/wp-json\/wp\/v2\/media?parent=535"}],"wp:term":[{"taxonomy":"product_brand","embeddable":true,"href":"https:\/\/www.designerstribe.com\/en\/wp-json\/wp\/v2\/product_brand?post=535"},{"taxonomy":"product_cat","embeddable":true,"href":"https:\/\/www.designerstribe.com\/en\/wp-json\/wp\/v2\/product_cat?post=535"},{"taxonomy":"product_tag","embeddable":true,"href":"https:\/\/www.designerstribe.com\/en\/wp-json\/wp\/v2\/product_tag?post=535"}],"curies":[{"name":"wp","href":"https:\/\/api.w.org\/{rel}","templated":true}]}}