{"id":544,"date":"2021-07-09T09:09:50","date_gmt":"2021-07-09T09:09:50","guid":{"rendered":"http:\/\/tool-lx.gr\/dtr\/?post_type=product&#038;p=544"},"modified":"2023-07-27T13:44:12","modified_gmt":"2023-07-27T10:44:12","slug":"slanted-29-helsinki","status":"publish","type":"product","link":"https:\/\/www.designerstribe.com\/en\/product\/slanted-29-helsinki\/","title":{"rendered":"Slanted #29 \u2013 Helsinki"},"content":{"rendered":"<p class=\"p1\"><span class=\"s1\">Finland\u2014though a small country judging by its population of 5.5 million inhabitants and population density of 18 inhabitants per square kilometer (the lowest in the EU)\u2014boasts many superlatives: there are more saunas than cars; it has the most heavy metal bands per capita; any Finnish noun can have over 200 different forms; Finns are the most avid readers of books and newspapers globally and world leaders in the use of libraries \u2026 The list goes on forever.<\/span><\/p>\n<p class=\"p1\"><span class=\"s1\">In the summer of 2016 the Slanted editors embarked on their trip to Helsinki to take a close-up look at the contemporary design scene there. What they found was a rich creative community with a deeply rooted culture \u2013 people who do much more than just love design, they live it.<\/span><\/p>\n<p class=\"p1\"><span class=\"s1\">The list of designers Slanted met with boasts everyone from legends such as Erik Bruun to young, wild creatives who are creating exciting voices in their own right. Well known figures from Helsinki\u2019s contemporary design scene such as Jesse Auersalo, Bond Agency, Double Happiness, GRMMXI, Helsinki Type Studio, Kokoro &amp; Moi, Kuudes, Linda Linko, Martin Martonen, N2, Tino Nyman, Prakt Design Agency, Schick Toikka, Tsto, and Werklig allowed a glimpse into their world. Not only can you find their brilliant works in the new issue, Slanted also provides a deeper look at their opinions and views through video interviews that can be watched online on our video platform for free!<\/span><\/p>\n<p class=\"p1\"><span class=\"s1\">Illustrations, photography, interviews and essays complement the issue thematically. Slanted #29 comes with contributions by Aarikka, Agency Leroy, Aivan, Andbros, ANKI Rugs, artek, Melanie Dower, Everyday Design, Fjord, Laura Iisalo, Jalo Helsinki, Arja Karhumaa, Marianna Kellokoski, Leena Kisonen, Matilda Kivel\u00e4, Hanna Konola, Ida Kukkapuro, Riikka Laakso, Eero Lampinen, Heini Lehtinen, LUK, Ian Lynam, Dermot Mac Cormack, Sac Magique, Marika Maijala, Sanna Mander, Marimekko, Merkitys, Nide, Rami Niemi, Nikari, Plantui, Lauri Ilmari Puustj\u00e4rvi, Samuli Saarinen, Enni Sahlman, Saint Vacant, Ville Savimaa, Tikari &amp; Maininki, Tulva, and Wevolve.<\/span><\/p>\n<p class=\"p1\"><span class=\"s1\">The booklet \u201cContemporary Typefaces\u201d is a regular feature of Slanted Magazine presenting an editorial selection of recently published international high-quality typefaces. In an additional section the booklet features Finnish typefaces, including Agis (Jani Paavola \/ Cloud9 Type Dept), Alku Handwriting (Jarno Lukkarila \/ Typolar), Apax (Fran\u00e7ois Rappo \/ Optimo), FF Berlare (Donald Beekman \/ FontFont), Brummell (Panos Vassiliou \/ Parachute), Chap (Florian Schick, Lauri Toikka \/ Schick Toikka), Colorado (Julia Sym\u00e4l\u00e4inen, J\u00fcrgen Sanides \/ Juliasys), Finlandica (Niklas Ekholm, Juho Hiilivirta, Jaakko Suomalainen \/ Helsinki Type Studio), Fino (Ermin Me\u0111edovi\u0107 \/ TypeTogether), Francis (Nikola Djurek \/ Typotheque), Handelson (Mika Melvas), Mala (Barbara Bigosi\u0144ska \/ Bold Monday), Monumental Grotesk (Robin Mientjes \/ Tiny Type Co.), Nantes (Luzi Gantenbein \/ Luzi Type), Nordvest (Nina St\u00f6ssinger \/ Monokrom), Rando (Maurice G\u00f6ldner \/ Camelot Typefaces), Sneak (Fabian Fohrer \/ Tightype), Stratos (Yoann Minet \/ Production Type), Syrup (Emil Bertell \/ Fenotype), Triangle (Tomi Haaparanta \/ Suomi Type Foundry), and Zeitung (Akiem Helmling, Bas Jacobs, Sami K\u00f6rtem\u00e4ki \/ Underware).<\/span><\/p>\n<p class=\"p1\"><span class=\"s1\">In addition to this exciting publication, a limited special edition is available, consisting of a folded poster, designed by Dafi K\u00fchne, a notebook alongside a free custom typeface called Suomi Primeval, which references the great Finnish designer Eero Aarnio\u2019s work, and an art book by visual artist Aleksi \u201cxbstrxct\u201d Koivusalo.<\/span><\/p>\n<p>&nbsp;<\/p>\n<p class=\"p3\"><span class=\"s1\">256 pages + 48-pages booklet<\/span><\/p>\n","protected":false},"excerpt":{"rendered":"<p>Finland\u2014though a small country judging by its population of 5.5 million inhabitants and population density of 18 inhabitants per square kilometer (the lowest in the EU)\u2014boasts many superlatives: there are more saunas than cars; it has the most heavy metal bands per capita; any Finnish noun can have over 200 different forms; Finns are the [&hellip;]<\/p>\n","protected":false},"featured_media":545,"template":"","meta":{"_acf_changed":false,"_price":"18.00","_stock":"","_tribe_ticket_header":"","_tribe_default_ticket_provider":"","_tribe_ticket_capacity":"0","_ticket_start_date":"","_ticket_end_date":"","_tribe_ticket_show_description":"","_tribe_ticket_show_not_going":false,"_tribe_ticket_use_global_stock":"","_tribe_ticket_global_stock_level":"","_global_stock_mode":"","_global_stock_cap":"","_tribe_rsvp_for_event":"","_tribe_ticket_going_count":"","_tribe_ticket_not_going_count":"","_tribe_tickets_list":"[]","_tribe_ticket_has_attendee_info_fields":false,"_tec_slr_enabled":"","_tec_slr_layout":""},"product_brand":[],"product_cat":[27],"product_tag":[74],"class_list":{"0":"post-544","1":"product","2":"type-product","3":"status-publish","4":"has-post-thumbnail","6":"product_cat-international-publications","7":"product_tag-graphic-design-2","9":"first","10":"instock","11":"shipping-taxable","12":"purchasable","13":"product-type-simple"},"acf":[],"yoast_head":"<!-- This site is optimized with the Yoast SEO plugin v27.2 - https:\/\/yoast.com\/product\/yoast-seo-wordpress\/ -->\n<title>Slanted #29 \u2013 Helsinki - Designers Tribe<\/title>\n<meta name=\"robots\" content=\"index, follow, max-snippet:-1, max-image-preview:large, max-video-preview:-1\" \/>\n<link rel=\"canonical\" href=\"https:\/\/www.designerstribe.com\/en\/product\/slanted-29-helsinki\/\" \/>\n<meta property=\"og:locale\" content=\"en_US\" \/>\n<meta property=\"og:type\" content=\"article\" \/>\n<meta property=\"og:title\" content=\"Slanted #29 \u2013 Helsinki - Designers Tribe\" \/>\n<meta property=\"og:description\" content=\"Finland\u2014though a small country judging by its population of 5.5 million inhabitants and population density of 18 inhabitants per square kilometer (the lowest in the EU)\u2014boasts many superlatives: there are more saunas than cars; it has the most heavy metal bands per capita; any Finnish noun can have over 200 different forms; Finns are the [&hellip;]\" \/>\n<meta property=\"og:url\" content=\"https:\/\/www.designerstribe.com\/en\/product\/slanted-29-helsinki\/\" \/>\n<meta property=\"og:site_name\" content=\"Designers Tribe\" \/>\n<meta property=\"article:modified_time\" content=\"2023-07-27T10:44:12+00:00\" \/>\n<meta property=\"og:image\" content=\"https:\/\/www.designerstribe.com\/wp-content\/uploads\/2021\/07\/Slanted-Magazine-Helsinki_01.jpeg\" \/>\n\t<meta property=\"og:image:width\" content=\"800\" \/>\n\t<meta property=\"og:image:height\" content=\"538\" \/>\n\t<meta property=\"og:image:type\" content=\"image\/jpeg\" \/>\n<meta name=\"twitter:card\" content=\"summary_large_image\" \/>\n<meta name=\"twitter:label1\" content=\"Est. reading time\" \/>\n\t<meta name=\"twitter:data1\" content=\"3 minutes\" \/>\n<script type=\"application\/ld+json\" class=\"yoast-schema-graph\">{\"@context\":\"https:\/\/schema.org\",\"@graph\":[{\"@type\":\"WebPage\",\"@id\":\"https:\/\/www.designerstribe.com\/en\/product\/slanted-29-helsinki\/\",\"url\":\"https:\/\/www.designerstribe.com\/en\/product\/slanted-29-helsinki\/\",\"name\":\"Slanted #29 \u2013 Helsinki - Designers Tribe\",\"isPartOf\":{\"@id\":\"https:\/\/www.designerstribe.com\/#website\"},\"primaryImageOfPage\":{\"@id\":\"https:\/\/www.designerstribe.com\/en\/product\/slanted-29-helsinki\/#primaryimage\"},\"image\":{\"@id\":\"https:\/\/www.designerstribe.com\/en\/product\/slanted-29-helsinki\/#primaryimage\"},\"thumbnailUrl\":\"https:\/\/www.designerstribe.com\/wp-content\/uploads\/2021\/07\/Slanted-Magazine-Helsinki_01.jpeg\",\"datePublished\":\"2021-07-09T09:09:50+00:00\",\"dateModified\":\"2023-07-27T10:44:12+00:00\",\"breadcrumb\":{\"@id\":\"https:\/\/www.designerstribe.com\/en\/product\/slanted-29-helsinki\/#breadcrumb\"},\"inLanguage\":\"en-US\",\"potentialAction\":[{\"@type\":\"ReadAction\",\"target\":[\"https:\/\/www.designerstribe.com\/en\/product\/slanted-29-helsinki\/\"]}]},{\"@type\":\"ImageObject\",\"inLanguage\":\"en-US\",\"@id\":\"https:\/\/www.designerstribe.com\/en\/product\/slanted-29-helsinki\/#primaryimage\",\"url\":\"https:\/\/www.designerstribe.com\/wp-content\/uploads\/2021\/07\/Slanted-Magazine-Helsinki_01.jpeg\",\"contentUrl\":\"https:\/\/www.designerstribe.com\/wp-content\/uploads\/2021\/07\/Slanted-Magazine-Helsinki_01.jpeg\",\"width\":800,\"height\":538},{\"@type\":\"BreadcrumbList\",\"@id\":\"https:\/\/www.designerstribe.com\/en\/product\/slanted-29-helsinki\/#breadcrumb\",\"itemListElement\":[{\"@type\":\"ListItem\",\"position\":1,\"name\":\"Home\",\"item\":\"https:\/\/www.designerstribe.com\/en\/\"},{\"@type\":\"ListItem\",\"position\":2,\"name\":\"Shop\",\"item\":\"https:\/\/www.designerstribe.com\/en\/shop\/\"},{\"@type\":\"ListItem\",\"position\":3,\"name\":\"Slanted #29 \u2013 Helsinki\"}]},{\"@type\":\"WebSite\",\"@id\":\"https:\/\/www.designerstribe.com\/#website\",\"url\":\"https:\/\/www.designerstribe.com\/\",\"name\":\"Designers Tribe\",\"description\":\"Just another WordPress site\",\"potentialAction\":[{\"@type\":\"SearchAction\",\"target\":{\"@type\":\"EntryPoint\",\"urlTemplate\":\"https:\/\/www.designerstribe.com\/?s={search_term_string}\"},\"query-input\":{\"@type\":\"PropertyValueSpecification\",\"valueRequired\":true,\"valueName\":\"search_term_string\"}}],\"inLanguage\":\"en-US\"}]}<\/script>\n<!-- \/ Yoast SEO plugin. -->","yoast_head_json":{"title":"Slanted #29 \u2013 Helsinki - Designers Tribe","robots":{"index":"index","follow":"follow","max-snippet":"max-snippet:-1","max-image-preview":"max-image-preview:large","max-video-preview":"max-video-preview:-1"},"canonical":"https:\/\/www.designerstribe.com\/en\/product\/slanted-29-helsinki\/","og_locale":"en_US","og_type":"article","og_title":"Slanted #29 \u2013 Helsinki - Designers Tribe","og_description":"Finland\u2014though a small country judging by its population of 5.5 million inhabitants and population density of 18 inhabitants per square kilometer (the lowest in the EU)\u2014boasts many superlatives: there are more saunas than cars; it has the most heavy metal bands per capita; any Finnish noun can have over 200 different forms; Finns are the [&hellip;]","og_url":"https:\/\/www.designerstribe.com\/en\/product\/slanted-29-helsinki\/","og_site_name":"Designers Tribe","article_modified_time":"2023-07-27T10:44:12+00:00","og_image":[{"width":800,"height":538,"url":"https:\/\/www.designerstribe.com\/wp-content\/uploads\/2021\/07\/Slanted-Magazine-Helsinki_01.jpeg","type":"image\/jpeg"}],"twitter_card":"summary_large_image","twitter_misc":{"Est. reading time":"3 minutes"},"schema":{"@context":"https:\/\/schema.org","@graph":[{"@type":"WebPage","@id":"https:\/\/www.designerstribe.com\/en\/product\/slanted-29-helsinki\/","url":"https:\/\/www.designerstribe.com\/en\/product\/slanted-29-helsinki\/","name":"Slanted #29 \u2013 Helsinki - Designers Tribe","isPartOf":{"@id":"https:\/\/www.designerstribe.com\/#website"},"primaryImageOfPage":{"@id":"https:\/\/www.designerstribe.com\/en\/product\/slanted-29-helsinki\/#primaryimage"},"image":{"@id":"https:\/\/www.designerstribe.com\/en\/product\/slanted-29-helsinki\/#primaryimage"},"thumbnailUrl":"https:\/\/www.designerstribe.com\/wp-content\/uploads\/2021\/07\/Slanted-Magazine-Helsinki_01.jpeg","datePublished":"2021-07-09T09:09:50+00:00","dateModified":"2023-07-27T10:44:12+00:00","breadcrumb":{"@id":"https:\/\/www.designerstribe.com\/en\/product\/slanted-29-helsinki\/#breadcrumb"},"inLanguage":"en-US","potentialAction":[{"@type":"ReadAction","target":["https:\/\/www.designerstribe.com\/en\/product\/slanted-29-helsinki\/"]}]},{"@type":"ImageObject","inLanguage":"en-US","@id":"https:\/\/www.designerstribe.com\/en\/product\/slanted-29-helsinki\/#primaryimage","url":"https:\/\/www.designerstribe.com\/wp-content\/uploads\/2021\/07\/Slanted-Magazine-Helsinki_01.jpeg","contentUrl":"https:\/\/www.designerstribe.com\/wp-content\/uploads\/2021\/07\/Slanted-Magazine-Helsinki_01.jpeg","width":800,"height":538},{"@type":"BreadcrumbList","@id":"https:\/\/www.designerstribe.com\/en\/product\/slanted-29-helsinki\/#breadcrumb","itemListElement":[{"@type":"ListItem","position":1,"name":"Home","item":"https:\/\/www.designerstribe.com\/en\/"},{"@type":"ListItem","position":2,"name":"Shop","item":"https:\/\/www.designerstribe.com\/en\/shop\/"},{"@type":"ListItem","position":3,"name":"Slanted #29 \u2013 Helsinki"}]},{"@type":"WebSite","@id":"https:\/\/www.designerstribe.com\/#website","url":"https:\/\/www.designerstribe.com\/","name":"Designers Tribe","description":"Just another WordPress site","potentialAction":[{"@type":"SearchAction","target":{"@type":"EntryPoint","urlTemplate":"https:\/\/www.designerstribe.com\/?s={search_term_string}"},"query-input":{"@type":"PropertyValueSpecification","valueRequired":true,"valueName":"search_term_string"}}],"inLanguage":"en-US"}]}},"_links":{"self":[{"href":"https:\/\/www.designerstribe.com\/en\/wp-json\/wp\/v2\/product\/544","targetHints":{"allow":["GET"]}}],"collection":[{"href":"https:\/\/www.designerstribe.com\/en\/wp-json\/wp\/v2\/product"}],"about":[{"href":"https:\/\/www.designerstribe.com\/en\/wp-json\/wp\/v2\/types\/product"}],"wp:featuredmedia":[{"embeddable":true,"href":"https:\/\/www.designerstribe.com\/en\/wp-json\/wp\/v2\/media\/545"}],"wp:attachment":[{"href":"https:\/\/www.designerstribe.com\/en\/wp-json\/wp\/v2\/media?parent=544"}],"wp:term":[{"taxonomy":"product_brand","embeddable":true,"href":"https:\/\/www.designerstribe.com\/en\/wp-json\/wp\/v2\/product_brand?post=544"},{"taxonomy":"product_cat","embeddable":true,"href":"https:\/\/www.designerstribe.com\/en\/wp-json\/wp\/v2\/product_cat?post=544"},{"taxonomy":"product_tag","embeddable":true,"href":"https:\/\/www.designerstribe.com\/en\/wp-json\/wp\/v2\/product_tag?post=544"}],"curies":[{"name":"wp","href":"https:\/\/api.w.org\/{rel}","templated":true}]}}